{"id":161,"date":"2018-03-03T20:38:35","date_gmt":"2018-03-03T20:38:35","guid":{"rendered":"https:\/\/mpgpharma.com\/?post_type=product&#038;p=161"},"modified":"2021-05-31T10:24:31","modified_gmt":"2021-05-31T10:24:31","slug":"reumafix","status":"publish","type":"product","link":"https:\/\/mpgpharma.com\/en\/product\/reumafix\/","title":{"rendered":"Reumafix  muscle pain killer"},"content":{"rendered":"<p>Composition:<br \/>\nCalendula officialis oil, menthe piperita oil, rosmarinus officialis oil, lavandula officialis. oil, thymus vulgaris oil, camphor, aqua petrolatum, cetearyl alcohol, paraffin, liquidum, ceteth-20, sodium phosphate, p-chloro-m-cresol, phosphoric acid, sodium hydroxide<\/p>\n<!-- AddThis Advanced Settings generic via filter on the_content --><!-- AddThis Share Buttons generic via filter on the_content -->","protected":false},"excerpt":{"rendered":"<h2>Cream for the relief of rheumatic disorders and sports injuries<\/h2>\n<p><!-- AddThis Advanced Settings generic via filter on get_the_excerpt --><!-- AddThis Share Buttons generic via filter on get_the_excerpt --><\/p>\n","protected":false},"featured_media":158,"comment_status":"open","ping_status":"closed","template":"","meta":[],"product_brand":[],"product_cat":[15,26],"product_tag":[],"class_list":{"0":"post-161","1":"product","2":"type-product","3":"status-publish","4":"has-post-thumbnail","6":"product_cat-all-products","7":"product_cat-muscle-pain","9":"first","10":"instock","11":"taxable","12":"shipping-taxable","13":"purchasable","14":"product-type-simple"},"yoast_head":"<!-- This site is optimized with the Yoast SEO plugin v24.2 - https:\/\/yoast.com\/wordpress\/plugins\/seo\/ -->\n<title>Reumafix muscle pain killer - MPG Pharma<\/title>\n<meta name=\"robots\" content=\"index, follow, max-snippet:-1, max-image-preview:large, max-video-preview:-1\" \/>\n<link rel=\"canonical\" href=\"https:\/\/mpgpharma.com\/en\/product\/reumafix\/\" \/>\n<meta property=\"og:locale\" content=\"en_US\" \/>\n<meta property=\"og:type\" content=\"article\" \/>\n<meta property=\"og:title\" content=\"Reumafix muscle pain killer - MPG Pharma\" \/>\n<meta property=\"og:description\" content=\"[:en]Cream for the relief of rheumatic disorders and sports injuries[:nl]doel Om reumatisch ongemak en sportblessures zoals spasmen, uitwasemingen en ontspanning en pijnverlichting te verlichten na zware spierbelasting.  Hoe te gebruiken: Meerdere keren per dag pelt de cr\u00e8me lichtjes in de huid totdat deze wordt geabsorbeerd.  ingredi\u00ebnten:  Calendulae oleum (extract van calendula in olijfolie) Menthae piperitae aetheroleum (essenti\u00eble pepermuntolie) Rosmarini aetheroleum (essenti\u00eble rozemarijnolie) Lavandulae aetheroleum (etherische olie lavendel) Thymi aetheroleum (etherische olie Thymus) Kamfer (kamfer) Hydrofiel substraat (belobaza) Waarschuwing: alleen voor uitwendig gebruik. De cr\u00e8me is niet van toepassing op een beschadigde huid of wond. Na gebruik de handen grondig wassen. Vermijd contact met ogen en slijmvliezen. In geval van overgevoeligheid voor sommige bestanddelen, het gebruik staken. Een deel van het lichaam waarop de cr\u00e8me is aangebracht, gloeit niet in het zonlicht.[:]\" \/>\n<meta property=\"og:url\" content=\"https:\/\/mpgpharma.com\/en\/product\/reumafix\/\" \/>\n<meta property=\"og:site_name\" content=\"MPG Pharma\" \/>\n<meta property=\"article:modified_time\" content=\"2021-05-31T10:24:31+00:00\" \/>\n<meta property=\"og:image\" content=\"https:\/\/mpgpharma.com\/wp-content\/uploads\/2018\/03\/Reumafix_04-e1520279915877.png\" \/>\n\t<meta property=\"og:image:width\" content=\"1024\" \/>\n\t<meta property=\"og:image:height\" content=\"683\" \/>\n\t<meta property=\"og:image:type\" content=\"image\/png\" \/>\n<meta name=\"twitter:card\" content=\"summary_large_image\" \/>\n<meta name=\"twitter:label1\" content=\"Est. reading time\" \/>\n\t<meta name=\"twitter:data1\" content=\"1 minute\" \/>\n<script type=\"application\/ld+json\" class=\"yoast-schema-graph\">{\"@context\":\"https:\/\/schema.org\",\"@graph\":[{\"@type\":\"WebPage\",\"@id\":\"https:\/\/mpgpharma.com\/en\/product\/reumafix\/\",\"url\":\"https:\/\/mpgpharma.com\/en\/product\/reumafix\/\",\"name\":\"Reumafix muscle pain killer - MPG Pharma\",\"isPartOf\":{\"@id\":\"https:\/\/mpgpharma.com\/#website\"},\"primaryImageOfPage\":{\"@id\":\"https:\/\/mpgpharma.com\/en\/product\/reumafix\/#primaryimage\"},\"image\":{\"@id\":\"https:\/\/mpgpharma.com\/en\/product\/reumafix\/#primaryimage\"},\"thumbnailUrl\":\"https:\/\/mpgpharma.com\/wp-content\/uploads\/2018\/03\/Reumafix_04-e1520279915877.png\",\"datePublished\":\"2018-03-03T20:38:35+00:00\",\"dateModified\":\"2021-05-31T10:24:31+00:00\",\"breadcrumb\":{\"@id\":\"https:\/\/mpgpharma.com\/en\/product\/reumafix\/#breadcrumb\"},\"inLanguage\":\"en-US\",\"potentialAction\":[{\"@type\":\"ReadAction\",\"target\":[\"https:\/\/mpgpharma.com\/en\/product\/reumafix\/\"]}]},{\"@type\":\"ImageObject\",\"inLanguage\":\"en-US\",\"@id\":\"https:\/\/mpgpharma.com\/en\/product\/reumafix\/#primaryimage\",\"url\":\"https:\/\/mpgpharma.com\/wp-content\/uploads\/2018\/03\/Reumafix_04-e1520279915877.png\",\"contentUrl\":\"https:\/\/mpgpharma.com\/wp-content\/uploads\/2018\/03\/Reumafix_04-e1520279915877.png\",\"width\":1024,\"height\":683,\"caption\":\"reumafix\"},{\"@type\":\"BreadcrumbList\",\"@id\":\"https:\/\/mpgpharma.com\/en\/product\/reumafix\/#breadcrumb\",\"itemListElement\":[{\"@type\":\"ListItem\",\"position\":1,\"name\":\"Home\",\"item\":\"https:\/\/mpgpharma.com\/\"},{\"@type\":\"ListItem\",\"position\":2,\"name\":\"100% natuurlijke verzorgingsproducten\",\"item\":\"https:\/\/mpgpharma.com\/\"},{\"@type\":\"ListItem\",\"position\":3,\"name\":\"Reumafix muscle pain killer\"}]},{\"@type\":\"WebSite\",\"@id\":\"https:\/\/mpgpharma.com\/#website\",\"url\":\"https:\/\/mpgpharma.com\/\",\"name\":\"MPG Pharma\",\"description\":\"Natural Remedies from Croatia\",\"publisher\":{\"@id\":\"https:\/\/mpgpharma.com\/#organization\"},\"potentialAction\":[{\"@type\":\"SearchAction\",\"target\":{\"@type\":\"EntryPoint\",\"urlTemplate\":\"https:\/\/mpgpharma.com\/?s={search_term_string}\"},\"query-input\":{\"@type\":\"PropertyValueSpecification\",\"valueRequired\":true,\"valueName\":\"search_term_string\"}}],\"inLanguage\":\"en-US\"},{\"@type\":\"Organization\",\"@id\":\"https:\/\/mpgpharma.com\/#organization\",\"name\":\"MPG Pharma\",\"url\":\"https:\/\/mpgpharma.com\/\",\"logo\":{\"@type\":\"ImageObject\",\"inLanguage\":\"en-US\",\"@id\":\"https:\/\/mpgpharma.com\/#\/schema\/logo\/image\/\",\"url\":\"https:\/\/mpgpharma.com\/wp-content\/uploads\/2018\/03\/cropped-MpgPharmalogo_green-e1520283619700.png\",\"contentUrl\":\"https:\/\/mpgpharma.com\/wp-content\/uploads\/2018\/03\/cropped-MpgPharmalogo_green-e1520283619700.png\",\"width\":137,\"height\":110,\"caption\":\"MPG Pharma\"},\"image\":{\"@id\":\"https:\/\/mpgpharma.com\/#\/schema\/logo\/image\/\"}}]}<\/script>\n<!-- \/ Yoast SEO plugin. -->","yoast_head_json":{"title":"Reumafix muscle pain killer - MPG Pharma","robots":{"index":"index","follow":"follow","max-snippet":"max-snippet:-1","max-image-preview":"max-image-preview:large","max-video-preview":"max-video-preview:-1"},"canonical":"https:\/\/mpgpharma.com\/en\/product\/reumafix\/","og_locale":"en_US","og_type":"article","og_title":"Reumafix muscle pain killer - MPG Pharma","og_description":"[:en]Cream for the relief of rheumatic disorders and sports injuries[:nl]doel Om reumatisch ongemak en sportblessures zoals spasmen, uitwasemingen en ontspanning en pijnverlichting te verlichten na zware spierbelasting.  Hoe te gebruiken: Meerdere keren per dag pelt de cr\u00e8me lichtjes in de huid totdat deze wordt geabsorbeerd.  ingredi\u00ebnten:  Calendulae oleum (extract van calendula in olijfolie) Menthae piperitae aetheroleum (essenti\u00eble pepermuntolie) Rosmarini aetheroleum (essenti\u00eble rozemarijnolie) Lavandulae aetheroleum (etherische olie lavendel) Thymi aetheroleum (etherische olie Thymus) Kamfer (kamfer) Hydrofiel substraat (belobaza) Waarschuwing: alleen voor uitwendig gebruik. De cr\u00e8me is niet van toepassing op een beschadigde huid of wond. Na gebruik de handen grondig wassen. Vermijd contact met ogen en slijmvliezen. In geval van overgevoeligheid voor sommige bestanddelen, het gebruik staken. Een deel van het lichaam waarop de cr\u00e8me is aangebracht, gloeit niet in het zonlicht.[:]","og_url":"https:\/\/mpgpharma.com\/en\/product\/reumafix\/","og_site_name":"MPG Pharma","article_modified_time":"2021-05-31T10:24:31+00:00","og_image":[{"width":1024,"height":683,"url":"https:\/\/mpgpharma.com\/wp-content\/uploads\/2018\/03\/Reumafix_04-e1520279915877.png","type":"image\/png"}],"twitter_card":"summary_large_image","twitter_misc":{"Est. reading time":"1 minute"},"schema":{"@context":"https:\/\/schema.org","@graph":[{"@type":"WebPage","@id":"https:\/\/mpgpharma.com\/en\/product\/reumafix\/","url":"https:\/\/mpgpharma.com\/en\/product\/reumafix\/","name":"Reumafix muscle pain killer - MPG Pharma","isPartOf":{"@id":"https:\/\/mpgpharma.com\/#website"},"primaryImageOfPage":{"@id":"https:\/\/mpgpharma.com\/en\/product\/reumafix\/#primaryimage"},"image":{"@id":"https:\/\/mpgpharma.com\/en\/product\/reumafix\/#primaryimage"},"thumbnailUrl":"https:\/\/mpgpharma.com\/wp-content\/uploads\/2018\/03\/Reumafix_04-e1520279915877.png","datePublished":"2018-03-03T20:38:35+00:00","dateModified":"2021-05-31T10:24:31+00:00","breadcrumb":{"@id":"https:\/\/mpgpharma.com\/en\/product\/reumafix\/#breadcrumb"},"inLanguage":"en-US","potentialAction":[{"@type":"ReadAction","target":["https:\/\/mpgpharma.com\/en\/product\/reumafix\/"]}]},{"@type":"ImageObject","inLanguage":"en-US","@id":"https:\/\/mpgpharma.com\/en\/product\/reumafix\/#primaryimage","url":"https:\/\/mpgpharma.com\/wp-content\/uploads\/2018\/03\/Reumafix_04-e1520279915877.png","contentUrl":"https:\/\/mpgpharma.com\/wp-content\/uploads\/2018\/03\/Reumafix_04-e1520279915877.png","width":1024,"height":683,"caption":"reumafix"},{"@type":"BreadcrumbList","@id":"https:\/\/mpgpharma.com\/en\/product\/reumafix\/#breadcrumb","itemListElement":[{"@type":"ListItem","position":1,"name":"Home","item":"https:\/\/mpgpharma.com\/"},{"@type":"ListItem","position":2,"name":"100% natuurlijke verzorgingsproducten","item":"https:\/\/mpgpharma.com\/"},{"@type":"ListItem","position":3,"name":"Reumafix muscle pain killer"}]},{"@type":"WebSite","@id":"https:\/\/mpgpharma.com\/#website","url":"https:\/\/mpgpharma.com\/","name":"MPG Pharma","description":"Natural Remedies from Croatia","publisher":{"@id":"https:\/\/mpgpharma.com\/#organization"},"potentialAction":[{"@type":"SearchAction","target":{"@type":"EntryPoint","urlTemplate":"https:\/\/mpgpharma.com\/?s={search_term_string}"},"query-input":{"@type":"PropertyValueSpecification","valueRequired":true,"valueName":"search_term_string"}}],"inLanguage":"en-US"},{"@type":"Organization","@id":"https:\/\/mpgpharma.com\/#organization","name":"MPG Pharma","url":"https:\/\/mpgpharma.com\/","logo":{"@type":"ImageObject","inLanguage":"en-US","@id":"https:\/\/mpgpharma.com\/#\/schema\/logo\/image\/","url":"https:\/\/mpgpharma.com\/wp-content\/uploads\/2018\/03\/cropped-MpgPharmalogo_green-e1520283619700.png","contentUrl":"https:\/\/mpgpharma.com\/wp-content\/uploads\/2018\/03\/cropped-MpgPharmalogo_green-e1520283619700.png","width":137,"height":110,"caption":"MPG Pharma"},"image":{"@id":"https:\/\/mpgpharma.com\/#\/schema\/logo\/image\/"}}]}},"_links":{"self":[{"href":"https:\/\/mpgpharma.com\/en\/wp-json\/wp\/v2\/product\/161","targetHints":{"allow":["GET"]}}],"collection":[{"href":"https:\/\/mpgpharma.com\/en\/wp-json\/wp\/v2\/product"}],"about":[{"href":"https:\/\/mpgpharma.com\/en\/wp-json\/wp\/v2\/types\/product"}],"replies":[{"embeddable":true,"href":"https:\/\/mpgpharma.com\/en\/wp-json\/wp\/v2\/comments?post=161"}],"wp:featuredmedia":[{"embeddable":true,"href":"https:\/\/mpgpharma.com\/en\/wp-json\/wp\/v2\/media\/158"}],"wp:attachment":[{"href":"https:\/\/mpgpharma.com\/en\/wp-json\/wp\/v2\/media?parent=161"}],"wp:term":[{"taxonomy":"product_brand","embeddable":true,"href":"https:\/\/mpgpharma.com\/en\/wp-json\/wp\/v2\/product_brand?post=161"},{"taxonomy":"product_cat","embeddable":true,"href":"https:\/\/mpgpharma.com\/en\/wp-json\/wp\/v2\/product_cat?post=161"},{"taxonomy":"product_tag","embeddable":true,"href":"https:\/\/mpgpharma.com\/en\/wp-json\/wp\/v2\/product_tag?post=161"}],"curies":[{"name":"wp","href":"https:\/\/api.w.org\/{rel}","templated":true}]}}