{"id":164,"date":"2018-03-05T19:12:45","date_gmt":"2018-03-05T19:12:45","guid":{"rendered":"https:\/\/mpgpharma.com\/?post_type=product&#038;p=164"},"modified":"2019-12-18T00:19:55","modified_gmt":"2019-12-18T00:19:55","slug":"inhabol","status":"publish","type":"product","link":"https:\/\/mpgpharma.com\/en\/product\/inhabol\/","title":{"rendered":"Inhabol"},"content":{"rendered":"<p>ingredients:<br \/>\nmetha piperta oil,pimpinella anisum oil, salva o\u001fcialis oil,cosmarinuso, cialis\u00a0oil, euginia carvophyliata oil, melissao, cialis oil.<\/p>\n<!-- AddThis Advanced Settings generic via filter on the_content --><!-- AddThis Share Buttons generic via filter on the_content -->","protected":false},"excerpt":{"rendered":"<h2>19ml<br \/>\nReleaves symptoms of breathing problems,\u00a0upper airways, hoarseness and the head.<\/h2>\n<p><!-- AddThis Advanced Settings generic via filter on get_the_excerpt --><!-- AddThis Share Buttons generic via filter on get_the_excerpt --><\/p>\n","protected":false},"featured_media":282,"comment_status":"open","ping_status":"closed","template":"","meta":[],"product_brand":[],"product_cat":[15,25],"product_tag":[],"class_list":{"0":"post-164","1":"product","2":"type-product","3":"status-publish","4":"has-post-thumbnail","6":"product_cat-all-products","7":"product_cat-airways","9":"first","10":"instock","11":"taxable","12":"shipping-taxable","13":"purchasable","14":"product-type-simple"},"yoast_head":"<!-- This site is optimized with the Yoast SEO plugin v27.4 - https:\/\/yoast.com\/product\/yoast-seo-wordpress\/ -->\n<title>Inhabol - MPG Pharma<\/title>\n<meta name=\"robots\" content=\"index, follow, max-snippet:-1, max-image-preview:large, max-video-preview:-1\" \/>\n<link rel=\"canonical\" href=\"https:\/\/mpgpharma.com\/en\/product\/inhabol\/\" \/>\n<meta property=\"og:locale\" content=\"en_US\" \/>\n<meta property=\"og:type\" content=\"article\" \/>\n<meta property=\"og:title\" content=\"Inhabol - MPG Pharma\" \/>\n<meta property=\"og:description\" content=\"[:en]19ml Releaves symptoms of breathing problems,\u00a0upper airways, hoarseness and the head.[:nl]&nbsp;  Wordt goed door de huid opgenomen, veroorzaakt expansie van de bloedvaten en stimuleert de bloedsomloop. Versnelt\u00a0 de stofwisseling in de huid en diepere delen van het weefsel, waardoor de pijn wordt verlicht, vermindert ontstekingen , en er onstaat een warm en ontspannend gevoel.  doel In de vorm van inhalatie: om de pijn bij ademhalingsmoeilijkheden, obstipatie van de bovenste luchtwegen, hoest, heesheid, hoofdpijn te verminderen. Toepassen bij\u00a0 verminderde circulatie, spierspanning, reuma, zenuwontsteking, jicht, artritis, insectenbeten, en mentale belasting.  Wijze van toepassing: Tweemaal per dag, 1-2 druppels op een papieren doekje of handpalm, wrijf handpalmen en inhaleer. Voeg 10 druppels toe in het bad. Spray een keer per dag, bij voorkeur &#039;s avonds voor het slapen gaan.  ingredi\u00ebnten:  Menthae piperitae aetheroleum (etherische olie van pepermunt) Anisi-aetheroleum (Essenti\u00eble anijsolie Salviae aetheroleum (Essential Sage Oil) Rosmarini aetheroleum (essenti\u00eble rozemarijnolie) Caryophylli aetheroleum (etherische olie van kruidnagel) Melissae extractum fluidum (1: 1\/96 vol ETOH) Waarschuwing: Breng geen druppels aan op de beschadigde huid, huid of slijmvliezen. Niet gebruiken in geval van overgevoeligheid voor een van de ingredi\u00ebnten Gelijktijdige toepassing van cosmetische preparaten voor acne, preparaten die ethanol bevatten, medische zepen met drogende werking, kunnen huidirritatie veroorzaken. Overmatige inademing van de preparaten kan leiden tot misselijkheid en hartaandoeningen.  Niet bedoeld voor kinderen jonger dan 12 jaar.[:]\" \/>\n<meta property=\"og:url\" content=\"https:\/\/mpgpharma.com\/en\/product\/inhabol\/\" \/>\n<meta property=\"og:site_name\" content=\"MPG Pharma\" \/>\n<meta property=\"article:modified_time\" content=\"2019-12-18T00:19:55+00:00\" \/>\n<meta property=\"og:image\" content=\"https:\/\/mpgpharma.com\/wp-content\/uploads\/2018\/10\/P1060020-1024x684.jpg\" \/>\n\t<meta property=\"og:image:width\" content=\"1024\" \/>\n\t<meta property=\"og:image:height\" content=\"684\" \/>\n\t<meta property=\"og:image:type\" content=\"image\/jpeg\" \/>\n<meta name=\"twitter:card\" content=\"summary_large_image\" \/>\n<meta name=\"twitter:label1\" content=\"Est. reading time\" \/>\n\t<meta name=\"twitter:data1\" content=\"1 minute\" \/>\n<script type=\"application\/ld+json\" class=\"yoast-schema-graph\">{\"@context\":\"https:\\\/\\\/schema.org\",\"@graph\":[{\"@type\":\"WebPage\",\"@id\":\"https:\\\/\\\/mpgpharma.com\\\/en\\\/product\\\/inhabol\\\/\",\"url\":\"https:\\\/\\\/mpgpharma.com\\\/en\\\/product\\\/inhabol\\\/\",\"name\":\"Inhabol - MPG Pharma\",\"isPartOf\":{\"@id\":\"https:\\\/\\\/mpgpharma.com\\\/#website\"},\"primaryImageOfPage\":{\"@id\":\"https:\\\/\\\/mpgpharma.com\\\/en\\\/product\\\/inhabol\\\/#primaryimage\"},\"image\":{\"@id\":\"https:\\\/\\\/mpgpharma.com\\\/en\\\/product\\\/inhabol\\\/#primaryimage\"},\"thumbnailUrl\":\"https:\\\/\\\/mpgpharma.com\\\/wp-content\\\/uploads\\\/2018\\\/10\\\/P1060020.jpg\",\"datePublished\":\"2018-03-05T19:12:45+00:00\",\"dateModified\":\"2019-12-18T00:19:55+00:00\",\"breadcrumb\":{\"@id\":\"https:\\\/\\\/mpgpharma.com\\\/en\\\/product\\\/inhabol\\\/#breadcrumb\"},\"inLanguage\":\"en-US\",\"potentialAction\":[{\"@type\":\"ReadAction\",\"target\":[\"https:\\\/\\\/mpgpharma.com\\\/en\\\/product\\\/inhabol\\\/\"]}]},{\"@type\":\"ImageObject\",\"inLanguage\":\"en-US\",\"@id\":\"https:\\\/\\\/mpgpharma.com\\\/en\\\/product\\\/inhabol\\\/#primaryimage\",\"url\":\"https:\\\/\\\/mpgpharma.com\\\/wp-content\\\/uploads\\\/2018\\\/10\\\/P1060020.jpg\",\"contentUrl\":\"https:\\\/\\\/mpgpharma.com\\\/wp-content\\\/uploads\\\/2018\\\/10\\\/P1060020.jpg\",\"width\":4000,\"height\":2672},{\"@type\":\"BreadcrumbList\",\"@id\":\"https:\\\/\\\/mpgpharma.com\\\/en\\\/product\\\/inhabol\\\/#breadcrumb\",\"itemListElement\":[{\"@type\":\"ListItem\",\"position\":1,\"name\":\"Home\",\"item\":\"https:\\\/\\\/mpgpharma.com\\\/\"},{\"@type\":\"ListItem\",\"position\":2,\"name\":\"100% natuurlijke verzorgingsproducten\",\"item\":\"https:\\\/\\\/mpgpharma.com\\\/\"},{\"@type\":\"ListItem\",\"position\":3,\"name\":\"Inhabol\"}]},{\"@type\":\"WebSite\",\"@id\":\"https:\\\/\\\/mpgpharma.com\\\/#website\",\"url\":\"https:\\\/\\\/mpgpharma.com\\\/\",\"name\":\"MPG Pharma\",\"description\":\"Natural Remedies from Croatia\",\"publisher\":{\"@id\":\"https:\\\/\\\/mpgpharma.com\\\/#organization\"},\"potentialAction\":[{\"@type\":\"SearchAction\",\"target\":{\"@type\":\"EntryPoint\",\"urlTemplate\":\"https:\\\/\\\/mpgpharma.com\\\/?s={search_term_string}\"},\"query-input\":{\"@type\":\"PropertyValueSpecification\",\"valueRequired\":true,\"valueName\":\"search_term_string\"}}],\"inLanguage\":\"en-US\"},{\"@type\":\"Organization\",\"@id\":\"https:\\\/\\\/mpgpharma.com\\\/#organization\",\"name\":\"MPG Pharma\",\"url\":\"https:\\\/\\\/mpgpharma.com\\\/\",\"logo\":{\"@type\":\"ImageObject\",\"inLanguage\":\"en-US\",\"@id\":\"https:\\\/\\\/mpgpharma.com\\\/#\\\/schema\\\/logo\\\/image\\\/\",\"url\":\"https:\\\/\\\/mpgpharma.com\\\/wp-content\\\/uploads\\\/2018\\\/03\\\/cropped-MpgPharmalogo_green-e1520283619700.png\",\"contentUrl\":\"https:\\\/\\\/mpgpharma.com\\\/wp-content\\\/uploads\\\/2018\\\/03\\\/cropped-MpgPharmalogo_green-e1520283619700.png\",\"width\":137,\"height\":110,\"caption\":\"MPG Pharma\"},\"image\":{\"@id\":\"https:\\\/\\\/mpgpharma.com\\\/#\\\/schema\\\/logo\\\/image\\\/\"}}]}<\/script>\n<!-- \/ Yoast SEO plugin. -->","yoast_head_json":{"title":"Inhabol - MPG Pharma","robots":{"index":"index","follow":"follow","max-snippet":"max-snippet:-1","max-image-preview":"max-image-preview:large","max-video-preview":"max-video-preview:-1"},"canonical":"https:\/\/mpgpharma.com\/en\/product\/inhabol\/","og_locale":"en_US","og_type":"article","og_title":"Inhabol - MPG Pharma","og_description":"[:en]19ml Releaves symptoms of breathing problems,\u00a0upper airways, hoarseness and the head.[:nl]&nbsp;  Wordt goed door de huid opgenomen, veroorzaakt expansie van de bloedvaten en stimuleert de bloedsomloop. Versnelt\u00a0 de stofwisseling in de huid en diepere delen van het weefsel, waardoor de pijn wordt verlicht, vermindert ontstekingen , en er onstaat een warm en ontspannend gevoel.  doel In de vorm van inhalatie: om de pijn bij ademhalingsmoeilijkheden, obstipatie van de bovenste luchtwegen, hoest, heesheid, hoofdpijn te verminderen. Toepassen bij\u00a0 verminderde circulatie, spierspanning, reuma, zenuwontsteking, jicht, artritis, insectenbeten, en mentale belasting.  Wijze van toepassing: Tweemaal per dag, 1-2 druppels op een papieren doekje of handpalm, wrijf handpalmen en inhaleer. Voeg 10 druppels toe in het bad. Spray een keer per dag, bij voorkeur 's avonds voor het slapen gaan.  ingredi\u00ebnten:  Menthae piperitae aetheroleum (etherische olie van pepermunt) Anisi-aetheroleum (Essenti\u00eble anijsolie Salviae aetheroleum (Essential Sage Oil) Rosmarini aetheroleum (essenti\u00eble rozemarijnolie) Caryophylli aetheroleum (etherische olie van kruidnagel) Melissae extractum fluidum (1: 1\/96 vol ETOH) Waarschuwing: Breng geen druppels aan op de beschadigde huid, huid of slijmvliezen. Niet gebruiken in geval van overgevoeligheid voor een van de ingredi\u00ebnten Gelijktijdige toepassing van cosmetische preparaten voor acne, preparaten die ethanol bevatten, medische zepen met drogende werking, kunnen huidirritatie veroorzaken. Overmatige inademing van de preparaten kan leiden tot misselijkheid en hartaandoeningen.  Niet bedoeld voor kinderen jonger dan 12 jaar.[:]","og_url":"https:\/\/mpgpharma.com\/en\/product\/inhabol\/","og_site_name":"MPG Pharma","article_modified_time":"2019-12-18T00:19:55+00:00","og_image":[{"width":1024,"height":684,"url":"https:\/\/mpgpharma.com\/wp-content\/uploads\/2018\/10\/P1060020-1024x684.jpg","type":"image\/jpeg"}],"twitter_card":"summary_large_image","twitter_misc":{"Est. reading time":"1 minute"},"schema":{"@context":"https:\/\/schema.org","@graph":[{"@type":"WebPage","@id":"https:\/\/mpgpharma.com\/en\/product\/inhabol\/","url":"https:\/\/mpgpharma.com\/en\/product\/inhabol\/","name":"Inhabol - MPG Pharma","isPartOf":{"@id":"https:\/\/mpgpharma.com\/#website"},"primaryImageOfPage":{"@id":"https:\/\/mpgpharma.com\/en\/product\/inhabol\/#primaryimage"},"image":{"@id":"https:\/\/mpgpharma.com\/en\/product\/inhabol\/#primaryimage"},"thumbnailUrl":"https:\/\/mpgpharma.com\/wp-content\/uploads\/2018\/10\/P1060020.jpg","datePublished":"2018-03-05T19:12:45+00:00","dateModified":"2019-12-18T00:19:55+00:00","breadcrumb":{"@id":"https:\/\/mpgpharma.com\/en\/product\/inhabol\/#breadcrumb"},"inLanguage":"en-US","potentialAction":[{"@type":"ReadAction","target":["https:\/\/mpgpharma.com\/en\/product\/inhabol\/"]}]},{"@type":"ImageObject","inLanguage":"en-US","@id":"https:\/\/mpgpharma.com\/en\/product\/inhabol\/#primaryimage","url":"https:\/\/mpgpharma.com\/wp-content\/uploads\/2018\/10\/P1060020.jpg","contentUrl":"https:\/\/mpgpharma.com\/wp-content\/uploads\/2018\/10\/P1060020.jpg","width":4000,"height":2672},{"@type":"BreadcrumbList","@id":"https:\/\/mpgpharma.com\/en\/product\/inhabol\/#breadcrumb","itemListElement":[{"@type":"ListItem","position":1,"name":"Home","item":"https:\/\/mpgpharma.com\/"},{"@type":"ListItem","position":2,"name":"100% natuurlijke verzorgingsproducten","item":"https:\/\/mpgpharma.com\/"},{"@type":"ListItem","position":3,"name":"Inhabol"}]},{"@type":"WebSite","@id":"https:\/\/mpgpharma.com\/#website","url":"https:\/\/mpgpharma.com\/","name":"MPG Pharma","description":"Natural Remedies from Croatia","publisher":{"@id":"https:\/\/mpgpharma.com\/#organization"},"potentialAction":[{"@type":"SearchAction","target":{"@type":"EntryPoint","urlTemplate":"https:\/\/mpgpharma.com\/?s={search_term_string}"},"query-input":{"@type":"PropertyValueSpecification","valueRequired":true,"valueName":"search_term_string"}}],"inLanguage":"en-US"},{"@type":"Organization","@id":"https:\/\/mpgpharma.com\/#organization","name":"MPG Pharma","url":"https:\/\/mpgpharma.com\/","logo":{"@type":"ImageObject","inLanguage":"en-US","@id":"https:\/\/mpgpharma.com\/#\/schema\/logo\/image\/","url":"https:\/\/mpgpharma.com\/wp-content\/uploads\/2018\/03\/cropped-MpgPharmalogo_green-e1520283619700.png","contentUrl":"https:\/\/mpgpharma.com\/wp-content\/uploads\/2018\/03\/cropped-MpgPharmalogo_green-e1520283619700.png","width":137,"height":110,"caption":"MPG Pharma"},"image":{"@id":"https:\/\/mpgpharma.com\/#\/schema\/logo\/image\/"}}]}},"_links":{"self":[{"href":"https:\/\/mpgpharma.com\/en\/wp-json\/wp\/v2\/product\/164","targetHints":{"allow":["GET"]}}],"collection":[{"href":"https:\/\/mpgpharma.com\/en\/wp-json\/wp\/v2\/product"}],"about":[{"href":"https:\/\/mpgpharma.com\/en\/wp-json\/wp\/v2\/types\/product"}],"replies":[{"embeddable":true,"href":"https:\/\/mpgpharma.com\/en\/wp-json\/wp\/v2\/comments?post=164"}],"wp:featuredmedia":[{"embeddable":true,"href":"https:\/\/mpgpharma.com\/en\/wp-json\/wp\/v2\/media\/282"}],"wp:attachment":[{"href":"https:\/\/mpgpharma.com\/en\/wp-json\/wp\/v2\/media?parent=164"}],"wp:term":[{"taxonomy":"product_brand","embeddable":true,"href":"https:\/\/mpgpharma.com\/en\/wp-json\/wp\/v2\/product_brand?post=164"},{"taxonomy":"product_cat","embeddable":true,"href":"https:\/\/mpgpharma.com\/en\/wp-json\/wp\/v2\/product_cat?post=164"},{"taxonomy":"product_tag","embeddable":true,"href":"https:\/\/mpgpharma.com\/en\/wp-json\/wp\/v2\/product_tag?post=164"}],"curies":[{"name":"wp","href":"https:\/\/api.w.org\/{rel}","templated":true}]}}